{"id":18011,"date":"2025-08-31T22:03:36","date_gmt":"2025-08-31T20:03:36","guid":{"rendered":"https:\/\/tineg.com\/?page_id=18011"},"modified":"2025-11-27T10:12:16","modified_gmt":"2025-11-27T09:12:16","slug":"podcast","status":"publish","type":"page","link":"https:\/\/tineg.com\/en\/podcast\/","title":{"rendered":"Podcast"},"content":{"rendered":"<div data-elementor-type=\"wp-page\" data-elementor-id=\"18011\" class=\"elementor elementor-18011\">\n\t\t\t\t\t\t<section data-animation-type=\"block\" class=\"elementor-section elementor-top-section elementor-element elementor-element-d78e7da elementor-section-full_width elementor-section-height-min-height elementor-section-items-bottom animated-slow elementor-section-height-default animation_type_block sc_fly_static elementor-invisible\" data-id=\"d78e7da\" data-element_type=\"section\" data-settings=\"{&quot;background_background&quot;:&quot;classic&quot;,&quot;animation&quot;:&quot;fadeIn&quot;}\">\n\t\t\t\t\t\t\t<div class=\"elementor-background-overlay\"><\/div>\n\t\t\t\t\t\t\t<div class=\"elementor-container elementor-column-gap-extended\">\n\t\t\t\t\t<div class=\"elementor-column elementor-col-100 elementor-top-column elementor-element elementor-element-28ffba4 sc_content_align_inherit sc_layouts_column_icons_position_left sc_fly_static\" data-id=\"28ffba4\" data-element_type=\"column\">\n\t\t\t<div class=\"elementor-widget-wrap elementor-element-populated\">\n\t\t\t\t\t\t<div class=\"elementor-element elementor-element-504af40 sc_fly_static elementor-widget elementor-widget-spacer\" data-id=\"504af40\" data-element_type=\"widget\" data-widget_type=\"spacer.default\">\n\t\t\t\t<div class=\"elementor-widget-container\">\n\t\t\t\t\t\t\t<div class=\"elementor-spacer\">\n\t\t\t<div class=\"elementor-spacer-inner\"><\/div>\n\t\t<\/div>\n\t\t\t\t\t\t<\/div>\n\t\t\t\t<\/div>\n\t\t\t\t<section class=\"elementor-section elementor-inner-section elementor-element elementor-element-d5f6746 elementor-section-full_width elementor-section-height-default elementor-section-height-default sc_fly_static\" data-id=\"d5f6746\" data-element_type=\"section\">\n\t\t\t\t\t\t<div class=\"elementor-container elementor-column-gap-extended\">\n\t\t\t\t\t<div class=\"elementor-column elementor-col-100 elementor-inner-column elementor-element elementor-element-f1e5f1d sc_content_align_inherit sc_layouts_column_icons_position_left sc_fly_static\" data-id=\"f1e5f1d\" data-element_type=\"column\">\n\t\t\t<div class=\"elementor-widget-wrap elementor-element-populated\">\n\t\t\t\t\t\t<div class=\"elementor-element elementor-element-e4f10f6 sc_fly_static elementor-widget elementor-widget-spacer\" data-id=\"e4f10f6\" data-element_type=\"widget\" data-widget_type=\"spacer.default\">\n\t\t\t\t<div class=\"elementor-widget-container\">\n\t\t\t\t\t\t\t<div class=\"elementor-spacer\">\n\t\t\t<div class=\"elementor-spacer-inner\"><\/div>\n\t\t<\/div>\n\t\t\t\t\t\t<\/div>\n\t\t\t\t<\/div>\n\t\t\t\t<div class=\"elementor-element elementor-element-a1011a3 premium-lq__none sc_fly_static elementor-widget elementor-widget-premium-addon-button\" data-id=\"a1011a3\" data-element_type=\"widget\" data-widget_type=\"premium-addon-button.default\">\n\t\t\t\t<div class=\"elementor-widget-container\">\n\t\t\t\t\t\r\n\r\n\t\t<a class=\"elementor-invisible premium-drawer-hover premium-button premium-button-style1 premium-btn-lg premium-button-style1-right\" href=\"#lyt-podcast\">\r\n\t\t\t<div class=\"premium-button-text-icon-wrapper\">\r\n\t\t\t\t\r\n\t\t\t\t\t\t\t\t\t\t\t\t\t\t\t\t\t\t<svg class=\"svg-inline--fas-fa-arrow-down premium-drawable-icon premium-svg-drawer\" data-svg-reverse=\"\" data-svg-loop=\"\" data-svg-sync=\"\" data-svg-hover=\"\" data-svg-fill=\"\" data-svg-frames=\"5\" data-svg-yoyo=\"\" data-svg-point=\"0\" aria-hidden='true' xmlns='http:\/\/www.w3.org\/2000\/svg' viewbox='0 0 448 512'><path d=\"M413.1 222.5l22.2 22.2c9.4 9.4 9.4 24.6 0 33.9L241 473c-9.4 9.4-24.6 9.4-33.9 0L12.7 278.6c-9.4-9.4-9.4-24.6 0-33.9l22.2-22.2c9.5-9.5 25-9.3 34.3.4L184 343.4V56c0-13.3 10.7-24 24-24h32c13.3 0 24 10.7 24 24v287.4l114.8-120.5c9.3-9.8 24.8-10 34.3-.4z\"><\/path><\/svg>\t\t\t\t\t\t\t\t\t\t\t\t\t\t\t\r\n\t\t\t\t\t\t\t\t\t<span >\r\n\t\t\t\t\t\tLyt til podcast\t\t\t\t\t<\/span>\r\n\t\t\t\t\t\t\t<\/div>\r\n\r\n\t\t\t\r\n\t\t\t\r\n\t\t\t\r\n\t\t<\/a>\r\n\r\n\r\n\t\t\t\t\t\t<\/div>\n\t\t\t\t<\/div>\n\t\t\t\t\t<\/div>\n\t\t<\/div>\n\t\t\t\t\t<\/div>\n\t\t<\/section>\n\t\t\t\t\t<\/div>\n\t\t<\/div>\n\t\t\t\t\t<\/div>\n\t\t<\/section>\n\t\t\t\t<section class=\"elementor-section elementor-top-section elementor-element elementor-element-00a2060 scheme_default elementor-section-boxed elementor-section-height-default elementor-section-height-default sc_fly_static\" data-id=\"00a2060\" data-element_type=\"section\" data-settings=\"{&quot;background_background&quot;:&quot;classic&quot;}\">\n\t\t\t\t\t\t<div class=\"elementor-container elementor-column-gap-extended\">\n\t\t\t\t\t<div class=\"elementor-column elementor-col-100 elementor-top-column elementor-element elementor-element-5eb5aa5 sc_content_align_inherit sc_layouts_column_icons_position_left sc_fly_static\" data-id=\"5eb5aa5\" data-element_type=\"column\">\n\t\t\t<div class=\"elementor-widget-wrap elementor-element-populated\">\n\t\t\t\t\t\t<div class=\"elementor-element elementor-element-62b388c sc_height_huge sc_fly_static elementor-widget elementor-widget-spacer\" data-id=\"62b388c\" data-element_type=\"widget\" data-widget_type=\"spacer.default\">\n\t\t\t\t<div class=\"elementor-widget-container\">\n\t\t\t\t\t\t\t<div class=\"elementor-spacer\">\n\t\t\t<div class=\"elementor-spacer-inner\"><\/div>\n\t\t<\/div>\n\t\t\t\t\t\t<\/div>\n\t\t\t\t<\/div>\n\t\t\t\t\t<\/div>\n\t\t<\/div>\n\t\t\t\t\t<\/div>\n\t\t<\/section>\n\t\t<div class=\"elementor-element elementor-element-88ad5ab e-flex e-con-boxed sc_layouts_column_icons_position_left e-con e-parent\" data-id=\"88ad5ab\" data-element_type=\"container\" id=\"lyt-podcast\" data-settings=\"{&quot;background_background&quot;:&quot;classic&quot;}\">\n\t\t\t\t\t<div class=\"e-con-inner\">\n\t\t\t\t<div class=\"elementor-element elementor-element-de5175c scheme_default sc_fly_static elementor-widget elementor-widget-trx_widget_audio\" data-id=\"de5175c\" data-element_type=\"widget\" data-widget_type=\"trx_widget_audio.default\">\n\t\t\t\t<div class=\"elementor-widget-container\">\n\t\t\t\t\t<div class=\"widget_area sc_widget_audio\"><aside class=\"widget widget_audio\"><div class=\"trx_addons_audio_wrap\">\r\n\t\t<div class=\"trx_addons_audio_list\">\r\n\t\t\t\t\t\t<div class=\"trx_addons_audio_player\t\t\t\t without_cover\"\r\n\t\t\t\t>\r\n                    <div class=\"trx_addons_audio_player_image\"\r\n                    ><\/div>\r\n\r\n\t\t\t\t\t<div class=\"trx_addons_audio_player_wrap\">\r\n                    \t\t\t\t\t\t<div class=\"audio_info\">\r\n\t\t\t\t\t\t\t<h5 class=\"audio_now_playing\">Podcast<\/h5>\t\t\t\t\t\t\t\t<h6 class=\"audio_author\">DJ\u00d8F<\/h6>\r\n\t\t\t\t\t\t\t\t\t\t\t\t\t\t\t\t<h5 class=\"audio_caption\">Tine &amp; Cheferne<\/h5>\r\n\t\t\t\t\t\t\t\t\t\t\t\t\t\t\t\t<div class=\"audio_description\">Lyt med, n\u00e5r Tine G\u00f8tzsche taler med ugens panel af chefer om ledelse, og h\u00f8r deres take p\u00e5 konkrete ledelsesudfordringer direkte fra Dj\u00f8fs ledelsesr\u00e5dgivning. Der er b\u00e5de noget for dig, der har et stort indblik i ledelse i praksis, og dig, der er p\u00e5 vej p\u00e5 f\u00f8rste kursus i ledelse.\n\nDu er garanteret at v\u00e6re i godt selskab med Tine og cheferne.<\/div>\r\n\t\t\t\t\t\t\t\t\t\t\t\t\t\t<\/div>\r\n\t\t\t\t\t\t\t\t\t\t\t<div class=\"audio_frame audio_embed\">\r\n\t\t\t\t\t<iframe title=\"Tine & Cheferne\" src=\"https:\/\/play.libsyn.com\/embed\/destination\/id\/4296653\/height\/412\/theme\/modern\/size\/large\/thumbnail\/yes\/custom-color\/0561e3\/playlist-height\/200\/direction\/backward\/hide-subscribe\/yes\/hide-share\/yes\/font-color\/ffffff\" height=\"412\" width=\"100%\" scrolling=\"no\" allowfullscreen=\"\" webkitallowfullscreen=\"true\" mozallowfullscreen=\"true\" oallowfullscreen=\"true\" msallowfullscreen=\"true\" style=\"border: none;\"><\/iframe>\t\t\t\t\t<\/div>\r\n\t\t\t\t<\/div>\r\n\t\t\t<\/div>\r\n\t\t\t\t\t<\/div>\r\n\t<\/div><\/aside><\/div>\t\t\t\t<\/div>\n\t\t\t\t<\/div>\n\t\t\t\t\t<\/div>\n\t\t\t\t<\/div>\n\t\t\t\t<section class=\"elementor-section elementor-top-section elementor-element elementor-element-bae3879 elementor-section-full_width elementor-section-height-default elementor-section-height-default sc_fly_static\" data-id=\"bae3879\" data-element_type=\"section\">\n\t\t\t\t\t\t<div class=\"elementor-container elementor-column-gap-no\">\n\t\t\t\t\t<div class=\"elementor-column elementor-col-100 elementor-top-column elementor-element elementor-element-f60bae5 sc_content_align_inherit sc_layouts_column_icons_position_left sc_fly_static\" data-id=\"f60bae5\" data-element_type=\"column\">\n\t\t\t<div class=\"elementor-widget-wrap elementor-element-populated\">\n\t\t\t\t\t\t<div class=\"elementor-element elementor-element-94b093b sc_fly_static elementor-widget elementor-widget-trx_widget_instagram\" data-id=\"94b093b\" data-element_type=\"widget\" data-widget_type=\"trx_widget_instagram.default\">\n\t\t\t\t<div class=\"elementor-widget-container\">\n\t\t\t\t\t<div class=\"widget_area sc_widget_instagram\"><aside class=\"widget widget_instagram\"><div class=\"widget_instagram_wrap widget_instagram_type_default\">\r\n\t<div class=\"widget_instagram_images widget_instagram_images_columns_6\"><div class=\"widget_instagram_images_item_wrap trx_addons_inline_2015574592\"><div title=\"\" rel=\"magnific\" class=\"widget_instagram_images_item widget_instagram_images_item_type_image\"><img fetchpriority=\"high\" decoding=\"async\" src=\"\/\/tineg.com\/wp-content\/uploads\/2025\/08\/tg_dobbelt-op-370x370.jpg\" width=\"370\" height=\"370\" alt=\"\"><span class=\"widget_instagram_images_item_counters\"><span class=\"widget_instagram_images_item_counter_likes trx_addons_icon-heart-empty\">0<\/span><span class=\"widget_instagram_images_item_counter_comments trx_addons_icon-comment\">26<\/span><\/span><\/div><\/div><div class=\"widget_instagram_images_item_wrap trx_addons_inline_1144888699\"><div title=\"\" rel=\"magnific\" class=\"widget_instagram_images_item widget_instagram_images_item_type_image\"><img decoding=\"async\" src=\"\/\/tineg.com\/wp-content\/uploads\/2025\/08\/tg_dobbelt-op_02-370x370.jpg\" width=\"370\" height=\"370\" alt=\"\"><span class=\"widget_instagram_images_item_counters\"><span class=\"widget_instagram_images_item_counter_likes trx_addons_icon-heart\">60<\/span><span class=\"widget_instagram_images_item_counter_comments trx_addons_icon-comment\">93<\/span><\/span><\/div><\/div><div class=\"widget_instagram_images_item_wrap trx_addons_inline_1799106996\"><div title=\"\" rel=\"magnific\" class=\"widget_instagram_images_item widget_instagram_images_item_type_image\"><img decoding=\"async\" src=\"\/\/tineg.com\/wp-content\/uploads\/2025\/08\/tg_asoptivson-370x370.jpg\" width=\"370\" height=\"370\" alt=\"\"><span class=\"widget_instagram_images_item_counters\"><span class=\"widget_instagram_images_item_counter_likes trx_addons_icon-heart\">23<\/span><span class=\"widget_instagram_images_item_counter_comments trx_addons_icon-comment\">49<\/span><\/span><\/div><\/div><div class=\"widget_instagram_images_item_wrap trx_addons_inline_2056389622\"><div title=\"\" rel=\"magnific\" class=\"widget_instagram_images_item widget_instagram_images_item_type_image\"><img loading=\"lazy\" decoding=\"async\" src=\"\/\/tineg.com\/wp-content\/uploads\/2025\/08\/tg_realityawards-370x370.jpg\" width=\"370\" height=\"370\" alt=\"\"><span class=\"widget_instagram_images_item_counters\"><span class=\"widget_instagram_images_item_counter_likes trx_addons_icon-heart\">18<\/span><span class=\"widget_instagram_images_item_counter_comments trx_addons_icon-comment\">31<\/span><\/span><\/div><\/div><div class=\"widget_instagram_images_item_wrap trx_addons_inline_567451271\"><div title=\"\" rel=\"magnific\" class=\"widget_instagram_images_item widget_instagram_images_item_type_image\"><img loading=\"lazy\" decoding=\"async\" src=\"\/\/tineg.com\/wp-content\/uploads\/2025\/08\/tg_anderslund-370x370.jpg\" width=\"370\" height=\"370\" alt=\"\"><span class=\"widget_instagram_images_item_counters\"><span class=\"widget_instagram_images_item_counter_likes trx_addons_icon-heart\">46<\/span><span class=\"widget_instagram_images_item_counter_comments trx_addons_icon-comment\">75<\/span><\/span><\/div><\/div><div class=\"widget_instagram_images_item_wrap trx_addons_inline_348012557\"><div title=\"\" rel=\"magnific\" class=\"widget_instagram_images_item widget_instagram_images_item_type_image\"><img loading=\"lazy\" decoding=\"async\" src=\"\/\/tineg.com\/wp-content\/uploads\/2025\/08\/tg_faeroer-370x370.jpg\" width=\"370\" height=\"370\" alt=\"\"><span class=\"widget_instagram_images_item_counters\"><span class=\"widget_instagram_images_item_counter_likes trx_addons_icon-heart\">83<\/span><span class=\"widget_instagram_images_item_counter_comments trx_addons_icon-comment\">31<\/span><\/span><\/div><\/div><\/div><div class=\"widget_instagram_follow_link_wrap\"><a href=\"https:\/\/www.instagram.com\/tinegoetzsche\/?hl=en\"\r\n\t\t\t\t\tclass=\"widget_instagram_follow_link sc_button\"\r\n\t\t\t\t\t target=\"_blank\" rel=\"nofollow\">Follow Me<\/a><\/div><\/div><\/aside><\/div>\t\t\t\t<\/div>\n\t\t\t\t<\/div>\n\t\t\t\t\t<\/div>\n\t\t<\/div>\n\t\t\t\t\t<\/div>\n\t\t<\/section>\n\t\t\t\t<\/div>","protected":false},"excerpt":{"rendered":"<p>Lyt til podcast Podcast DJ\u00d8F Tine &amp; Cheferne Lyt med, n\u00e5r Tine G\u00f8tzsche taler med ugens panel af chefer om ledelse, og h\u00f8r deres take p\u00e5 konkrete ledelsesudfordringer direkte fra&hellip;<\/p>","protected":false},"author":2,"featured_media":0,"parent":0,"menu_order":0,"comment_status":"closed","ping_status":"closed","template":"","meta":{"footnotes":""},"class_list":["post-18011","page","type-page","status-publish","hentry"],"_links":{"self":[{"href":"https:\/\/tineg.com\/en\/wp-json\/wp\/v2\/pages\/18011","targetHints":{"allow":["GET"]}}],"collection":[{"href":"https:\/\/tineg.com\/en\/wp-json\/wp\/v2\/pages"}],"about":[{"href":"https:\/\/tineg.com\/en\/wp-json\/wp\/v2\/types\/page"}],"author":[{"embeddable":true,"href":"https:\/\/tineg.com\/en\/wp-json\/wp\/v2\/users\/2"}],"replies":[{"embeddable":true,"href":"https:\/\/tineg.com\/en\/wp-json\/wp\/v2\/comments?post=18011"}],"version-history":[{"count":115,"href":"https:\/\/tineg.com\/en\/wp-json\/wp\/v2\/pages\/18011\/revisions"}],"predecessor-version":[{"id":19482,"href":"https:\/\/tineg.com\/en\/wp-json\/wp\/v2\/pages\/18011\/revisions\/19482"}],"wp:attachment":[{"href":"https:\/\/tineg.com\/en\/wp-json\/wp\/v2\/media?parent=18011"}],"curies":[{"name":"wp","href":"https:\/\/api.w.org\/{rel}","templated":true}]}}